{"id":211,"date":"2019-08-29T16:12:36","date_gmt":"2019-08-29T16:12:36","guid":{"rendered":"https:\/\/themes.pixelwars.org\/ikonik\/demo-01\/?page_id=6"},"modified":"2025-07-01T11:02:21","modified_gmt":"2025-07-01T09:02:21","slug":"web-design-reseaux-sociaux-tech-master-designs","status":"publish","type":"page","link":"https:\/\/techmasterdesigns.fr\/home\/","title":{"rendered":"Web design &amp; r\u00e9seaux sociaux \u2013 Tech Master Designs"},"content":{"rendered":"","protected":false},"excerpt":{"rendered":"","protected":false},"author":1,"featured_media":0,"parent":0,"menu_order":0,"comment_status":"closed","ping_status":"closed","template":"page_template-home.php","meta":{"footnotes":""},"class_list":["post-211","page","type-page","status-publish","hentry"],"yoast_head":"<!-- This site is optimized with the Yoast SEO plugin v25.5 - https:\/\/yoast.com\/wordpress\/plugins\/seo\/ -->\n<title>Web design &amp; r\u00e9seaux sociaux \u2013 Tech Master Designs - Tech Master Designs<\/title>\n<meta name=\"description\" content=\"Sites vitrines d\u00e8s 400 \u20ac, logos et gestion r\u00e9seaux. Freelance bas\u00e9 \u00e0 Poitiers, projets partout en France.\" \/>\n<meta name=\"robots\" content=\"index, follow, max-snippet:-1, max-image-preview:large, max-video-preview:-1\" \/>\n<link rel=\"canonical\" href=\"https:\/\/techmasterdesigns.fr\/home\/\" \/>\n<meta property=\"og:locale\" content=\"fr_FR\" \/>\n<meta property=\"og:type\" content=\"article\" \/>\n<meta property=\"og:title\" content=\"Web design &amp; r\u00e9seaux sociaux \u2013 Tech Master Designs - Tech Master Designs\" \/>\n<meta property=\"og:description\" content=\"Sites vitrines d\u00e8s 400 \u20ac, logos et gestion r\u00e9seaux. Freelance bas\u00e9 \u00e0 Poitiers, projets partout en France.\" \/>\n<meta property=\"og:url\" content=\"https:\/\/techmasterdesigns.fr\/home\/\" \/>\n<meta property=\"og:site_name\" content=\"Tech Master Designs\" \/>\n<meta property=\"article:publisher\" content=\"https:\/\/www.facebook.com\/profile.php?id=61571899750037\" \/>\n<meta property=\"article:modified_time\" content=\"2025-07-01T09:02:21+00:00\" \/>\n<meta property=\"og:image\" content=\"https:\/\/techmasterdesigns.fr\/home\/wp-content\/uploads\/2024\/10\/Artboard-1.png\" \/>\n\t<meta property=\"og:image:width\" content=\"513\" \/>\n\t<meta property=\"og:image:height\" content=\"513\" \/>\n\t<meta property=\"og:image:type\" content=\"image\/png\" \/>\n<meta name=\"twitter:card\" content=\"summary_large_image\" \/>\n<script type=\"application\/ld+json\" class=\"yoast-schema-graph\">{\"@context\":\"https:\/\/schema.org\",\"@graph\":[{\"@type\":\"WebPage\",\"@id\":\"https:\/\/techmasterdesigns.fr\/home\/\",\"url\":\"https:\/\/techmasterdesigns.fr\/home\/\",\"name\":\"Web design &amp; r\u00e9seaux sociaux \u2013 Tech Master Designs - Tech Master Designs\",\"isPartOf\":{\"@id\":\"https:\/\/techmasterdesigns.fr\/home\/#website\"},\"datePublished\":\"2019-08-29T16:12:36+00:00\",\"dateModified\":\"2025-07-01T09:02:21+00:00\",\"description\":\"Sites vitrines d\u00e8s 400 \u20ac, logos et gestion r\u00e9seaux. Freelance bas\u00e9 \u00e0 Poitiers, projets partout en France.\",\"breadcrumb\":{\"@id\":\"https:\/\/techmasterdesigns.fr\/home\/#breadcrumb\"},\"inLanguage\":\"fr-FR\",\"potentialAction\":[{\"@type\":\"ReadAction\",\"target\":[\"https:\/\/techmasterdesigns.fr\/home\/\"]}]},{\"@type\":\"BreadcrumbList\",\"@id\":\"https:\/\/techmasterdesigns.fr\/home\/#breadcrumb\",\"itemListElement\":[{\"@type\":\"ListItem\",\"position\":1,\"name\":\"Accueil\",\"item\":\"https:\/\/techmasterdesigns.fr\/home\/\"},{\"@type\":\"ListItem\",\"position\":2,\"name\":\"Web design &amp; r\u00e9seaux sociaux \u2013 Tech Master Designs\"}]},{\"@type\":\"WebSite\",\"@id\":\"https:\/\/techmasterdesigns.fr\/home\/#website\",\"url\":\"https:\/\/techmasterdesigns.fr\/home\/\",\"name\":\"Tech Master Designs\",\"description\":\"Tech Master Designs cr\u00e9e des sites web et g\u00e8re des communaut\u00e9s en ligne pour freelances et PME, \u00e0 partir de 400\u202f\u20ac.\",\"publisher\":{\"@id\":\"https:\/\/techmasterdesigns.fr\/home\/#organization\"},\"potentialAction\":[{\"@type\":\"SearchAction\",\"target\":{\"@type\":\"EntryPoint\",\"urlTemplate\":\"https:\/\/techmasterdesigns.fr\/home\/?s={search_term_string}\"},\"query-input\":{\"@type\":\"PropertyValueSpecification\",\"valueRequired\":true,\"valueName\":\"search_term_string\"}}],\"inLanguage\":\"fr-FR\"},{\"@type\":\"Organization\",\"@id\":\"https:\/\/techmasterdesigns.fr\/home\/#organization\",\"name\":\"Tech Master Designs\",\"url\":\"https:\/\/techmasterdesigns.fr\/home\/\",\"logo\":{\"@type\":\"ImageObject\",\"inLanguage\":\"fr-FR\",\"@id\":\"https:\/\/techmasterdesigns.fr\/home\/#\/schema\/logo\/image\/\",\"url\":\"https:\/\/techmasterdesigns.fr\/home\/wp-content\/uploads\/2024\/10\/cropped-Artboard-1.png\",\"contentUrl\":\"https:\/\/techmasterdesigns.fr\/home\/wp-content\/uploads\/2024\/10\/cropped-Artboard-1.png\",\"width\":513,\"height\":513,\"caption\":\"Tech Master Designs\"},\"image\":{\"@id\":\"https:\/\/techmasterdesigns.fr\/home\/#\/schema\/logo\/image\/\"},\"sameAs\":[\"https:\/\/www.facebook.com\/profile.php?id=61571899750037\",\"https:\/\/www.instagram.com\/techmasterdesigns_\/\",\"https:\/\/www.linkedin.com\/company\/tech-master-designs\/\"]}]}<\/script>\n<!-- \/ Yoast SEO plugin. -->","yoast_head_json":{"title":"Web design &amp; r\u00e9seaux sociaux \u2013 Tech Master Designs - Tech Master Designs","description":"Sites vitrines d\u00e8s 400 \u20ac, logos et gestion r\u00e9seaux. Freelance bas\u00e9 \u00e0 Poitiers, projets partout en France.","robots":{"index":"index","follow":"follow","max-snippet":"max-snippet:-1","max-image-preview":"max-image-preview:large","max-video-preview":"max-video-preview:-1"},"canonical":"https:\/\/techmasterdesigns.fr\/home\/","og_locale":"fr_FR","og_type":"article","og_title":"Web design &amp; r\u00e9seaux sociaux \u2013 Tech Master Designs - Tech Master Designs","og_description":"Sites vitrines d\u00e8s 400 \u20ac, logos et gestion r\u00e9seaux. Freelance bas\u00e9 \u00e0 Poitiers, projets partout en France.","og_url":"https:\/\/techmasterdesigns.fr\/home\/","og_site_name":"Tech Master Designs","article_publisher":"https:\/\/www.facebook.com\/profile.php?id=61571899750037","article_modified_time":"2025-07-01T09:02:21+00:00","og_image":[{"width":513,"height":513,"url":"https:\/\/techmasterdesigns.fr\/home\/wp-content\/uploads\/2024\/10\/Artboard-1.png","type":"image\/png"}],"twitter_card":"summary_large_image","schema":{"@context":"https:\/\/schema.org","@graph":[{"@type":"WebPage","@id":"https:\/\/techmasterdesigns.fr\/home\/","url":"https:\/\/techmasterdesigns.fr\/home\/","name":"Web design &amp; r\u00e9seaux sociaux \u2013 Tech Master Designs - Tech Master Designs","isPartOf":{"@id":"https:\/\/techmasterdesigns.fr\/home\/#website"},"datePublished":"2019-08-29T16:12:36+00:00","dateModified":"2025-07-01T09:02:21+00:00","description":"Sites vitrines d\u00e8s 400 \u20ac, logos et gestion r\u00e9seaux. Freelance bas\u00e9 \u00e0 Poitiers, projets partout en France.","breadcrumb":{"@id":"https:\/\/techmasterdesigns.fr\/home\/#breadcrumb"},"inLanguage":"fr-FR","potentialAction":[{"@type":"ReadAction","target":["https:\/\/techmasterdesigns.fr\/home\/"]}]},{"@type":"BreadcrumbList","@id":"https:\/\/techmasterdesigns.fr\/home\/#breadcrumb","itemListElement":[{"@type":"ListItem","position":1,"name":"Accueil","item":"https:\/\/techmasterdesigns.fr\/home\/"},{"@type":"ListItem","position":2,"name":"Web design &amp; r\u00e9seaux sociaux \u2013 Tech Master Designs"}]},{"@type":"WebSite","@id":"https:\/\/techmasterdesigns.fr\/home\/#website","url":"https:\/\/techmasterdesigns.fr\/home\/","name":"Tech Master Designs","description":"Tech Master Designs cr\u00e9e des sites web et g\u00e8re des communaut\u00e9s en ligne pour freelances et PME, \u00e0 partir de 400\u202f\u20ac.","publisher":{"@id":"https:\/\/techmasterdesigns.fr\/home\/#organization"},"potentialAction":[{"@type":"SearchAction","target":{"@type":"EntryPoint","urlTemplate":"https:\/\/techmasterdesigns.fr\/home\/?s={search_term_string}"},"query-input":{"@type":"PropertyValueSpecification","valueRequired":true,"valueName":"search_term_string"}}],"inLanguage":"fr-FR"},{"@type":"Organization","@id":"https:\/\/techmasterdesigns.fr\/home\/#organization","name":"Tech Master Designs","url":"https:\/\/techmasterdesigns.fr\/home\/","logo":{"@type":"ImageObject","inLanguage":"fr-FR","@id":"https:\/\/techmasterdesigns.fr\/home\/#\/schema\/logo\/image\/","url":"https:\/\/techmasterdesigns.fr\/home\/wp-content\/uploads\/2024\/10\/cropped-Artboard-1.png","contentUrl":"https:\/\/techmasterdesigns.fr\/home\/wp-content\/uploads\/2024\/10\/cropped-Artboard-1.png","width":513,"height":513,"caption":"Tech Master Designs"},"image":{"@id":"https:\/\/techmasterdesigns.fr\/home\/#\/schema\/logo\/image\/"},"sameAs":["https:\/\/www.facebook.com\/profile.php?id=61571899750037","https:\/\/www.instagram.com\/techmasterdesigns_\/","https:\/\/www.linkedin.com\/company\/tech-master-designs\/"]}]}},"_links":{"self":[{"href":"https:\/\/techmasterdesigns.fr\/home\/index.php?rest_route=\/wp\/v2\/pages\/211","targetHints":{"allow":["GET"]}}],"collection":[{"href":"https:\/\/techmasterdesigns.fr\/home\/index.php?rest_route=\/wp\/v2\/pages"}],"about":[{"href":"https:\/\/techmasterdesigns.fr\/home\/index.php?rest_route=\/wp\/v2\/types\/page"}],"author":[{"embeddable":true,"href":"https:\/\/techmasterdesigns.fr\/home\/index.php?rest_route=\/wp\/v2\/users\/1"}],"replies":[{"embeddable":true,"href":"https:\/\/techmasterdesigns.fr\/home\/index.php?rest_route=%2Fwp%2Fv2%2Fcomments&post=211"}],"version-history":[{"count":2,"href":"https:\/\/techmasterdesigns.fr\/home\/index.php?rest_route=\/wp\/v2\/pages\/211\/revisions"}],"predecessor-version":[{"id":600,"href":"https:\/\/techmasterdesigns.fr\/home\/index.php?rest_route=\/wp\/v2\/pages\/211\/revisions\/600"}],"wp:attachment":[{"href":"https:\/\/techmasterdesigns.fr\/home\/index.php?rest_route=%2Fwp%2Fv2%2Fmedia&parent=211"}],"curies":[{"name":"wp","href":"https:\/\/api.w.org\/{rel}","templated":true}]}}