{"id":287,"date":"2019-08-29T16:39:44","date_gmt":"2019-08-29T16:39:44","guid":{"rendered":"https:\/\/themes.pixelwars.org\/ikonik\/demo-01\/?page_id=28"},"modified":"2024-10-14T15:59:26","modified_gmt":"2024-10-14T13:59:26","slug":"contact","status":"publish","type":"page","link":"https:\/\/techmasterdesigns.fr\/home\/?page_id=287","title":{"rendered":"Contact"},"content":{"rendered":"\t\t<div data-elementor-type=\"wp-page\" data-elementor-id=\"287\" class=\"elementor elementor-287\">\n\t\t\t\t<div class=\"elementor-element elementor-element-37656de e-con-full e-flex e-con e-parent\" data-id=\"37656de\" data-element_type=\"container\" data-settings=\"{&quot;background_background&quot;:&quot;classic&quot;}\">\n\t\t<div class=\"elementor-element elementor-element-f21f1c3 e-con-full e-flex e-con e-child\" data-id=\"f21f1c3\" data-element_type=\"container\">\n\t\t\t\t<div class=\"elementor-element elementor-element-a0e30f1 elementor-view-default elementor-position-top elementor-mobile-position-top elementor-widget elementor-widget-icon-box\" data-id=\"a0e30f1\" data-element_type=\"widget\" data-widget_type=\"icon-box.default\">\n\t\t\t\t<div class=\"elementor-widget-container\">\n\t\t\t\t\t\t\t<div class=\"elementor-icon-box-wrapper\">\n\n\t\t\t\t\t\t<div class=\"elementor-icon-box-icon\">\n\t\t\t\t<span  class=\"elementor-icon\">\n\t\t\t\t\t\t\t\t<\/span>\n\t\t\t<\/div>\n\t\t\t\n\t\t\t\t\t\t<div class=\"elementor-icon-box-content\">\n\n\t\t\t\t\t\t\t\t\t<h5 class=\"elementor-icon-box-title\">\n\t\t\t\t\t\t<span  >\n\t\t\t\t\t\t\tBas\u00e9 \u00e0 Poitiers\t\t\t\t\t\t<\/span>\n\t\t\t\t\t<\/h5>\n\t\t\t\t\n\t\t\t\t\n\t\t\t<\/div>\n\t\t\t\n\t\t<\/div>\n\t\t\t\t\t\t<\/div>\n\t\t\t\t<\/div>\n\t\t\t\t<\/div>\n\t\t<div class=\"elementor-element elementor-element-cdb7c59 e-con-full e-flex e-con e-child\" data-id=\"cdb7c59\" data-element_type=\"container\">\n\t\t\t\t<div class=\"elementor-element elementor-element-bcac5eb elementor-view-default elementor-position-top elementor-mobile-position-top elementor-widget elementor-widget-icon-box\" data-id=\"bcac5eb\" data-element_type=\"widget\" data-widget_type=\"icon-box.default\">\n\t\t\t\t<div class=\"elementor-widget-container\">\n\t\t\t\t\t\t\t<div class=\"elementor-icon-box-wrapper\">\n\n\t\t\t\t\t\t<div class=\"elementor-icon-box-icon\">\n\t\t\t\t<span  class=\"elementor-icon\">\n\t\t\t\t\t\t\t\t<\/span>\n\t\t\t<\/div>\n\t\t\t\n\t\t\t\t\t\t<div class=\"elementor-icon-box-content\">\n\n\t\t\t\t\t\t\t\t\t<h5 class=\"elementor-icon-box-title\">\n\t\t\t\t\t\t<span  >\n\t\t\t\t\t\t\ttechmasterdesigns@gmail.com\t\t\t\t\t\t<\/span>\n\t\t\t\t\t<\/h5>\n\t\t\t\t\n\t\t\t\t\n\t\t\t<\/div>\n\t\t\t\n\t\t<\/div>\n\t\t\t\t\t\t<\/div>\n\t\t\t\t<\/div>\n\t\t\t\t<\/div>\n\t\t<div class=\"elementor-element elementor-element-a681cef e-con-full e-flex e-con e-child\" data-id=\"a681cef\" data-element_type=\"container\">\n\t\t\t\t<div class=\"elementor-element elementor-element-46ffadb elementor-view-default elementor-position-top elementor-mobile-position-top elementor-widget elementor-widget-icon-box\" data-id=\"46ffadb\" data-element_type=\"widget\" data-widget_type=\"icon-box.default\">\n\t\t\t\t<div class=\"elementor-widget-container\">\n\t\t\t\t\t\t\t<div class=\"elementor-icon-box-wrapper\">\n\n\t\t\t\t\t\t<div class=\"elementor-icon-box-icon\">\n\t\t\t\t<span  class=\"elementor-icon\">\n\t\t\t\t\t\t\t\t<\/span>\n\t\t\t<\/div>\n\t\t\t\n\t\t\t\t\t\t<div class=\"elementor-icon-box-content\">\n\n\t\t\t\t\t\t\t\t\t<h5 class=\"elementor-icon-box-title\">\n\t\t\t\t\t\t<span  >\n\t\t\t\t\t\t\tDisponible en Freelance\t\t\t\t\t\t<\/span>\n\t\t\t\t\t<\/h5>\n\t\t\t\t\n\t\t\t\t\n\t\t\t<\/div>\n\t\t\t\n\t\t<\/div>\n\t\t\t\t\t\t<\/div>\n\t\t\t\t<\/div>\n\t\t\t\t<\/div>\n\t\t\t\t<\/div>\n\t\t\t\t<section class=\"elementor-section elementor-top-section elementor-element elementor-element-b197690 elementor-section-boxed elementor-section-height-default elementor-section-height-default\" data-id=\"b197690\" data-element_type=\"section\" data-settings=\"{&quot;mdp_selection_sticky_effect_enable&quot;:false}\">\n\t\t\t\t\t\t<div class=\"elementor-container elementor-column-gap-default\">\n\t\t\t\t\t<div class=\"elementor-column elementor-col-100 elementor-top-column elementor-element elementor-element-ebaaa54\" data-id=\"ebaaa54\" data-element_type=\"column\" data-settings=\"{&quot;mdp_selection_sticky_column_effect_enable&quot;:false}\">\n\t\t\t<div class=\"elementor-widget-wrap elementor-element-populated\">\n\t\t\t\t\t\t<div class=\"elementor-element elementor-element-17dbb3d elementor-widget elementor-widget-wp-widget-pixelwars_core_widget__contact_form\" data-id=\"17dbb3d\" data-element_type=\"widget\" data-widget_type=\"wp-widget-pixelwars_core_widget__contact_form.default\">\n\t\t\t\t<div class=\"elementor-widget-container\">\n\t\t\t\t\t\t\t\t\t\t<div class=\"contact-form\">\n\t\t\t\t\t\t<form id=\"contact-form\" class=\"validate-form\" method=\"post\" action=\"https:\/\/techmasterdesigns.fr\/home\/wp-content\/plugins\/pixelwars-core\/themes\/global-vcard\/send-mail.php\">\n\t\t\t\t\t\t\t<p>\n\t\t\t\t\t\t\t\t<input type=\"text\" id=\"name\" name=\"name\" class=\"required\" placeholder=\"Name\">\n\t\t\t\t\t\t\t<\/p>\n\t\t\t\t\t\t\t<p>\n\t\t\t\t\t\t\t\t<input type=\"text\" id=\"email\" name=\"email\" class=\"required email\" placeholder=\"Email\">\n\t\t\t\t\t\t\t<\/p>\n\t\t\t\t\t\t\t<p>\n\t\t\t\t\t\t\t\t<textarea id=\"message\" name=\"message\" class=\"required\" placeholder=\"Message\"><\/textarea>\n\t\t\t\t\t\t\t<\/p>\n\t\t\t\t\t\t\t<p class=\"antispam\">\n\t\t\t\t\t\t\t\t<input type=\"text\" id=\"url\" name=\"url\" placeholder=\"Leave this empty if you are a human\">\n\t\t\t\t\t\t\t<\/p>\n\t\t\t\t\t\t\t<p>\n\t\t\t\t\t\t\t\t<button class=\"submit button primary\">Send<\/button>\n\t\t\t\t\t\t\t<\/p>\n\t\t\t\t\t\t<\/form> <!-- #contact-form .validate-form -->\n\t\t\t\t\t<\/div> <!-- .contact-form -->\n\t\t\t\t\t\t\t\t<\/div>\n\t\t\t\t<\/div>\n\t\t\t\t<section class=\"elementor-section elementor-inner-section elementor-element elementor-element-1b279d9 elementor-section-boxed elementor-section-height-default elementor-section-height-default\" data-id=\"1b279d9\" data-element_type=\"section\" data-settings=\"{&quot;mdp_selection_sticky_effect_enable&quot;:false}\">\n\t\t\t\t\t\t<div class=\"elementor-container elementor-column-gap-default\">\n\t\t\t\t\t<div class=\"elementor-column elementor-col-33 elementor-inner-column elementor-element elementor-element-db64408\" data-id=\"db64408\" data-element_type=\"column\" data-settings=\"{&quot;mdp_selection_sticky_column_effect_enable&quot;:false}\">\n\t\t\t<div class=\"elementor-widget-wrap\">\n\t\t\t\t\t\t\t<\/div>\n\t\t<\/div>\n\t\t\t\t<div class=\"elementor-column elementor-col-33 elementor-inner-column elementor-element elementor-element-6c3e855\" data-id=\"6c3e855\" data-element_type=\"column\" data-settings=\"{&quot;mdp_selection_sticky_column_effect_enable&quot;:false}\">\n\t\t\t<div class=\"elementor-widget-wrap elementor-element-populated\">\n\t\t\t\t\t\t<div class=\"elementor-element elementor-element-80e7259 elementor-widget elementor-widget-heading\" data-id=\"80e7259\" data-element_type=\"widget\" data-widget_type=\"heading.default\">\n\t\t\t\t<div class=\"elementor-widget-container\">\n\t\t\t\t\t<h2 class=\"elementor-heading-title elementor-size-default\">D\u00e9couvrez si je suis <b>disponible<\/b> et  proposez-moi votre projet !<\/h2>\t\t\t\t<\/div>\n\t\t\t\t<\/div>\n\t\t\t\t<div class=\"elementor-element elementor-element-0fdf68a elementor-widget elementor-widget-wp-widget-pixelwars_core_widget__section_title\" data-id=\"0fdf68a\" data-element_type=\"widget\" data-widget_type=\"wp-widget-pixelwars_core_widget__section_title.default\">\n\t\t\t\t<div class=\"elementor-widget-container\">\n\t\t\t\t\t\t\t\t\t\t\t<div class=\"section-title center\">    \n\t\t\t\t\t\t\t<h2>\n\t\t\t\t\t\t\t\t<i>N&rsquo;attendez- plus !<\/i>\n\t\t\t\t\t\t\t<\/h2>\n\t\t\t\t\t\t<\/div> <!-- .section-title -->\n\t\t\t\t\t\t\t\t\t<\/div>\n\t\t\t\t<\/div>\n\t\t\t\t\t<\/div>\n\t\t<\/div>\n\t\t\t\t<div class=\"elementor-column elementor-col-33 elementor-inner-column elementor-element elementor-element-58c2470\" data-id=\"58c2470\" data-element_type=\"column\" data-settings=\"{&quot;mdp_selection_sticky_column_effect_enable&quot;:false}\">\n\t\t\t<div class=\"elementor-widget-wrap\">\n\t\t\t\t\t\t\t<\/div>\n\t\t<\/div>\n\t\t\t\t\t<\/div>\n\t\t<\/section>\n\t\t\t\t\t<\/div>\n\t\t<\/div>\n\t\t\t\t\t<\/div>\n\t\t<\/section>\n\t\t<div class=\"elementor-element elementor-element-47615ef e-flex e-con-boxed e-con e-parent\" data-id=\"47615ef\" data-element_type=\"container\">\n\t\t\t\t\t<div class=\"e-con-inner\">\n\t\t\t\t<div class=\"elementor-element elementor-element-f2d9586 elementor-align-center elementor-invisible elementor-widget elementor-widget-button\" data-id=\"f2d9586\" data-element_type=\"widget\" data-settings=\"{&quot;_animation&quot;:&quot;fadeIn&quot;}\" data-widget_type=\"button.default\">\n\t\t\t\t<div class=\"elementor-widget-container\">\n\t\t\t\t\t\t\t\t\t<div class=\"elementor-button-wrapper\">\n\t\t\t\t\t<a class=\"elementor-button elementor-button-link elementor-size-sm\" href=\"https:\/\/calendar.google.com\/calendar\/u\/0\/appointments\/schedules\/AcZssZ3ArqspiA8l3cXShw-ZEE9hXj5bpOB7C4UXRxtaKycBY-CymVky9M55AE8a8CvJzepBHIfoBsam?fbclid=PAZXh0bgNhZW0CMTEAAaabCZb1sQoj5ke9Ws4XVlfbsPbiXzKD3fkAU6kayiHoIhXbKf9lu_l5Gvc_aem_hC8EGPkWZP-lC_Fp_5udzA\">\n\t\t\t\t\t\t<span class=\"elementor-button-content-wrapper\">\n\t\t\t\t\t\t\t\t\t<span class=\"elementor-button-text\">Prennez Rendez-Vous !<\/span>\n\t\t\t\t\t<\/span>\n\t\t\t\t\t<\/a>\n\t\t\t\t<\/div>\n\t\t\t\t\t\t\t\t<\/div>\n\t\t\t\t<\/div>\n\t\t\t\t\t<\/div>\n\t\t\t\t<\/div>\n\t\t\t\t<\/div>\n\t\t","protected":false},"excerpt":{"rendered":"<p>Bas\u00e9 \u00e0 Poitiers techmasterdesigns@gmail.com Disponible en Freelance D\u00e9couvrez si je suis disponible et proposez-moi votre projet ! Prennez Rendez-Vous !<\/p>\n","protected":false},"author":1,"featured_media":0,"parent":0,"menu_order":0,"comment_status":"closed","ping_status":"closed","template":"","meta":{"footnotes":""},"class_list":["post-287","page","type-page","status-publish","hentry"],"yoast_head":"<!-- This site is optimized with the Yoast SEO plugin v25.5 - https:\/\/yoast.com\/wordpress\/plugins\/seo\/ -->\n<title>Contact - Tech Master Designs<\/title>\n<meta name=\"robots\" content=\"index, follow, max-snippet:-1, max-image-preview:large, max-video-preview:-1\" \/>\n<link rel=\"canonical\" href=\"https:\/\/techmasterdesigns.fr\/home\/?page_id=287\" \/>\n<meta property=\"og:locale\" content=\"fr_FR\" \/>\n<meta property=\"og:type\" content=\"article\" \/>\n<meta property=\"og:title\" content=\"Contact - Tech Master Designs\" \/>\n<meta property=\"og:description\" content=\"Bas\u00e9 \u00e0 Poitiers techmasterdesigns@gmail.com Disponible en Freelance D\u00e9couvrez si je suis disponible et proposez-moi votre projet ! Prennez Rendez-Vous !\" \/>\n<meta property=\"og:url\" content=\"https:\/\/techmasterdesigns.fr\/home\/?page_id=287\" \/>\n<meta property=\"og:site_name\" content=\"Tech Master Designs\" \/>\n<meta property=\"article:publisher\" content=\"https:\/\/www.facebook.com\/profile.php?id=61571899750037\" \/>\n<meta property=\"article:modified_time\" content=\"2024-10-14T13:59:26+00:00\" \/>\n<meta property=\"og:image\" content=\"https:\/\/techmasterdesigns.fr\/home\/wp-content\/uploads\/2024\/10\/Artboard-1.png\" \/>\n\t<meta property=\"og:image:width\" content=\"513\" \/>\n\t<meta property=\"og:image:height\" content=\"513\" \/>\n\t<meta property=\"og:image:type\" content=\"image\/png\" \/>\n<meta name=\"twitter:card\" content=\"summary_large_image\" \/>\n<script type=\"application\/ld+json\" class=\"yoast-schema-graph\">{\"@context\":\"https:\/\/schema.org\",\"@graph\":[{\"@type\":\"WebPage\",\"@id\":\"https:\/\/techmasterdesigns.fr\/home\/?page_id=287\",\"url\":\"https:\/\/techmasterdesigns.fr\/home\/?page_id=287\",\"name\":\"Contact - Tech Master Designs\",\"isPartOf\":{\"@id\":\"https:\/\/techmasterdesigns.fr\/home\/#website\"},\"datePublished\":\"2019-08-29T16:39:44+00:00\",\"dateModified\":\"2024-10-14T13:59:26+00:00\",\"breadcrumb\":{\"@id\":\"https:\/\/techmasterdesigns.fr\/home\/?page_id=287#breadcrumb\"},\"inLanguage\":\"fr-FR\",\"potentialAction\":[{\"@type\":\"ReadAction\",\"target\":[\"https:\/\/techmasterdesigns.fr\/home\/?page_id=287\"]}]},{\"@type\":\"BreadcrumbList\",\"@id\":\"https:\/\/techmasterdesigns.fr\/home\/?page_id=287#breadcrumb\",\"itemListElement\":[{\"@type\":\"ListItem\",\"position\":1,\"name\":\"Accueil\",\"item\":\"https:\/\/techmasterdesigns.fr\/home\/\"},{\"@type\":\"ListItem\",\"position\":2,\"name\":\"Contact\"}]},{\"@type\":\"WebSite\",\"@id\":\"https:\/\/techmasterdesigns.fr\/home\/#website\",\"url\":\"https:\/\/techmasterdesigns.fr\/home\/\",\"name\":\"Tech Master Designs\",\"description\":\"Tech Master Designs cr\u00e9e des sites web et g\u00e8re des communaut\u00e9s en ligne pour freelances et PME, \u00e0 partir de 400\u202f\u20ac.\",\"publisher\":{\"@id\":\"https:\/\/techmasterdesigns.fr\/home\/#organization\"},\"potentialAction\":[{\"@type\":\"SearchAction\",\"target\":{\"@type\":\"EntryPoint\",\"urlTemplate\":\"https:\/\/techmasterdesigns.fr\/home\/?s={search_term_string}\"},\"query-input\":{\"@type\":\"PropertyValueSpecification\",\"valueRequired\":true,\"valueName\":\"search_term_string\"}}],\"inLanguage\":\"fr-FR\"},{\"@type\":\"Organization\",\"@id\":\"https:\/\/techmasterdesigns.fr\/home\/#organization\",\"name\":\"Tech Master Designs\",\"url\":\"https:\/\/techmasterdesigns.fr\/home\/\",\"logo\":{\"@type\":\"ImageObject\",\"inLanguage\":\"fr-FR\",\"@id\":\"https:\/\/techmasterdesigns.fr\/home\/#\/schema\/logo\/image\/\",\"url\":\"https:\/\/techmasterdesigns.fr\/home\/wp-content\/uploads\/2024\/10\/cropped-Artboard-1.png\",\"contentUrl\":\"https:\/\/techmasterdesigns.fr\/home\/wp-content\/uploads\/2024\/10\/cropped-Artboard-1.png\",\"width\":513,\"height\":513,\"caption\":\"Tech Master Designs\"},\"image\":{\"@id\":\"https:\/\/techmasterdesigns.fr\/home\/#\/schema\/logo\/image\/\"},\"sameAs\":[\"https:\/\/www.facebook.com\/profile.php?id=61571899750037\",\"https:\/\/www.instagram.com\/techmasterdesigns_\/\",\"https:\/\/www.linkedin.com\/company\/tech-master-designs\/\"]}]}<\/script>\n<!-- \/ Yoast SEO plugin. -->","yoast_head_json":{"title":"Contact - Tech Master Designs","robots":{"index":"index","follow":"follow","max-snippet":"max-snippet:-1","max-image-preview":"max-image-preview:large","max-video-preview":"max-video-preview:-1"},"canonical":"https:\/\/techmasterdesigns.fr\/home\/?page_id=287","og_locale":"fr_FR","og_type":"article","og_title":"Contact - Tech Master Designs","og_description":"Bas\u00e9 \u00e0 Poitiers techmasterdesigns@gmail.com Disponible en Freelance D\u00e9couvrez si je suis disponible et proposez-moi votre projet ! Prennez Rendez-Vous !","og_url":"https:\/\/techmasterdesigns.fr\/home\/?page_id=287","og_site_name":"Tech Master Designs","article_publisher":"https:\/\/www.facebook.com\/profile.php?id=61571899750037","article_modified_time":"2024-10-14T13:59:26+00:00","og_image":[{"width":513,"height":513,"url":"https:\/\/techmasterdesigns.fr\/home\/wp-content\/uploads\/2024\/10\/Artboard-1.png","type":"image\/png"}],"twitter_card":"summary_large_image","schema":{"@context":"https:\/\/schema.org","@graph":[{"@type":"WebPage","@id":"https:\/\/techmasterdesigns.fr\/home\/?page_id=287","url":"https:\/\/techmasterdesigns.fr\/home\/?page_id=287","name":"Contact - Tech Master Designs","isPartOf":{"@id":"https:\/\/techmasterdesigns.fr\/home\/#website"},"datePublished":"2019-08-29T16:39:44+00:00","dateModified":"2024-10-14T13:59:26+00:00","breadcrumb":{"@id":"https:\/\/techmasterdesigns.fr\/home\/?page_id=287#breadcrumb"},"inLanguage":"fr-FR","potentialAction":[{"@type":"ReadAction","target":["https:\/\/techmasterdesigns.fr\/home\/?page_id=287"]}]},{"@type":"BreadcrumbList","@id":"https:\/\/techmasterdesigns.fr\/home\/?page_id=287#breadcrumb","itemListElement":[{"@type":"ListItem","position":1,"name":"Accueil","item":"https:\/\/techmasterdesigns.fr\/home\/"},{"@type":"ListItem","position":2,"name":"Contact"}]},{"@type":"WebSite","@id":"https:\/\/techmasterdesigns.fr\/home\/#website","url":"https:\/\/techmasterdesigns.fr\/home\/","name":"Tech Master Designs","description":"Tech Master Designs cr\u00e9e des sites web et g\u00e8re des communaut\u00e9s en ligne pour freelances et PME, \u00e0 partir de 400\u202f\u20ac.","publisher":{"@id":"https:\/\/techmasterdesigns.fr\/home\/#organization"},"potentialAction":[{"@type":"SearchAction","target":{"@type":"EntryPoint","urlTemplate":"https:\/\/techmasterdesigns.fr\/home\/?s={search_term_string}"},"query-input":{"@type":"PropertyValueSpecification","valueRequired":true,"valueName":"search_term_string"}}],"inLanguage":"fr-FR"},{"@type":"Organization","@id":"https:\/\/techmasterdesigns.fr\/home\/#organization","name":"Tech Master Designs","url":"https:\/\/techmasterdesigns.fr\/home\/","logo":{"@type":"ImageObject","inLanguage":"fr-FR","@id":"https:\/\/techmasterdesigns.fr\/home\/#\/schema\/logo\/image\/","url":"https:\/\/techmasterdesigns.fr\/home\/wp-content\/uploads\/2024\/10\/cropped-Artboard-1.png","contentUrl":"https:\/\/techmasterdesigns.fr\/home\/wp-content\/uploads\/2024\/10\/cropped-Artboard-1.png","width":513,"height":513,"caption":"Tech Master Designs"},"image":{"@id":"https:\/\/techmasterdesigns.fr\/home\/#\/schema\/logo\/image\/"},"sameAs":["https:\/\/www.facebook.com\/profile.php?id=61571899750037","https:\/\/www.instagram.com\/techmasterdesigns_\/","https:\/\/www.linkedin.com\/company\/tech-master-designs\/"]}]}},"_links":{"self":[{"href":"https:\/\/techmasterdesigns.fr\/home\/index.php?rest_route=\/wp\/v2\/pages\/287","targetHints":{"allow":["GET"]}}],"collection":[{"href":"https:\/\/techmasterdesigns.fr\/home\/index.php?rest_route=\/wp\/v2\/pages"}],"about":[{"href":"https:\/\/techmasterdesigns.fr\/home\/index.php?rest_route=\/wp\/v2\/types\/page"}],"author":[{"embeddable":true,"href":"https:\/\/techmasterdesigns.fr\/home\/index.php?rest_route=\/wp\/v2\/users\/1"}],"replies":[{"embeddable":true,"href":"https:\/\/techmasterdesigns.fr\/home\/index.php?rest_route=%2Fwp%2Fv2%2Fcomments&post=287"}],"version-history":[{"count":12,"href":"https:\/\/techmasterdesigns.fr\/home\/index.php?rest_route=\/wp\/v2\/pages\/287\/revisions"}],"predecessor-version":[{"id":452,"href":"https:\/\/techmasterdesigns.fr\/home\/index.php?rest_route=\/wp\/v2\/pages\/287\/revisions\/452"}],"wp:attachment":[{"href":"https:\/\/techmasterdesigns.fr\/home\/index.php?rest_route=%2Fwp%2Fv2%2Fmedia&parent=287"}],"curies":[{"name":"wp","href":"https:\/\/api.w.org\/{rel}","templated":true}]}}