{"id":430,"date":"2024-10-10T17:39:38","date_gmt":"2024-10-10T15:39:38","guid":{"rendered":"https:\/\/techmasterdesigns.fr\/home\/?page_id=430"},"modified":"2024-10-10T17:40:07","modified_gmt":"2024-10-10T15:40:07","slug":"mentions-legales","status":"publish","type":"page","link":"https:\/\/techmasterdesigns.fr\/home\/?page_id=430","title":{"rendered":"Mentions L\u00e9gales"},"content":{"rendered":"\t\t<div data-elementor-type=\"wp-page\" data-elementor-id=\"430\" class=\"elementor elementor-430\">\n\t\t\t\t<div class=\"elementor-element elementor-element-a70e8d7 e-flex e-con-boxed e-con e-parent\" data-id=\"a70e8d7\" data-element_type=\"container\">\n\t\t\t\t\t<div class=\"e-con-inner\">\n\t\t\t\t<div class=\"elementor-element elementor-element-316dc22 elementor-widget elementor-widget-text-editor\" data-id=\"316dc22\" data-element_type=\"widget\" data-widget_type=\"text-editor.default\">\n\t\t\t\t<div class=\"elementor-widget-container\">\n\t\t\t\t\t\t\t\t\t<h1 class=\"font-600 text-2xl font-bold\">Mentions l\u00e9gales<\/h1><h2 class=\"font-600 text-xl font-bold\">1. Informations l\u00e9gales<\/h2><p class=\"whitespace-pre-wrap break-words\">Le site techmasterdesigns.fr est \u00e9dit\u00e9 par :<\/p><p class=\"whitespace-pre-wrap break-words\">TMD (Web Master) 25 rue de Mauroc 86280 Saint-Beno\u00eet France<\/p><p class=\"whitespace-pre-wrap break-words\">SIRET : 833 460 678 00042 Num\u00e9ro de TVA intracommunautaire : [\u00c0 compl\u00e9ter si applicable]<\/p><p class=\"whitespace-pre-wrap break-words\">Directeur de la publication : [Votre nom] Contact : [Votre adresse email]<\/p><h2 class=\"font-600 text-xl font-bold\">2. H\u00e9bergement<\/h2><p class=\"whitespace-pre-wrap break-words\">Le site techmasterdesigns.fr est h\u00e9berg\u00e9 par :<\/p><p class=\"whitespace-pre-wrap break-words\">OVH SAS 2 rue Kellermann 59100 Roubaix France T\u00e9l\u00e9phone : +33 9 72 10 10 07<\/p><h2 class=\"font-600 text-xl font-bold\">3. Propri\u00e9t\u00e9 intellectuelle<\/h2><p class=\"whitespace-pre-wrap break-words\">L&rsquo;ensemble du contenu de ce site (textes, images, vid\u00e9os, etc.) est la propri\u00e9t\u00e9 exclusive de TMD (Web Master) ou de ses partenaires. Toute reproduction, repr\u00e9sentation, modification, publication, adaptation de tout ou partie des \u00e9l\u00e9ments du site, quel que soit le moyen ou le proc\u00e9d\u00e9 utilis\u00e9, est interdite, sauf autorisation \u00e9crite pr\u00e9alable de TMD (Web Master).<\/p><h2 class=\"font-600 text-xl font-bold\">4. Protection des donn\u00e9es personnelles<\/h2><p class=\"whitespace-pre-wrap break-words\">Conform\u00e9ment \u00e0 la loi Informatique et Libert\u00e9s du 6 janvier 1978 modifi\u00e9e et au R\u00e8glement G\u00e9n\u00e9ral sur la Protection des Donn\u00e9es (RGPD), vous disposez d&rsquo;un droit d&rsquo;acc\u00e8s, de rectification, de suppression et d&rsquo;opposition aux donn\u00e9es personnelles vous concernant. Pour exercer ces droits, veuillez nous contacter \u00e0 l&rsquo;adresse suivante : [Votre adresse email de contact RGPD].<\/p><p class=\"whitespace-pre-wrap break-words\">Pour plus d&rsquo;informations sur la mani\u00e8re dont nous traitons vos donn\u00e9es, veuillez consulter notre Politique de confidentialit\u00e9.<\/p><h2 class=\"font-600 text-xl font-bold\">5. Cookies<\/h2><p class=\"whitespace-pre-wrap break-words\">Le site techmasterdesigns.fr peut utiliser des cookies pour am\u00e9liorer l&rsquo;exp\u00e9rience de navigation des utilisateurs. Vous pouvez d\u00e9sactiver l&rsquo;utilisation de cookies en modifiant les param\u00e8tres de votre navigateur.<\/p><h2 class=\"font-600 text-xl font-bold\">6. Liens hypertextes<\/h2><p class=\"whitespace-pre-wrap break-words\">Le site techmasterdesigns.fr peut contenir des liens hypertextes vers d&rsquo;autres sites. TMD (Web Master) n&rsquo;exerce aucun contr\u00f4le sur ces sites et d\u00e9cline toute responsabilit\u00e9 quant \u00e0 leur contenu.<\/p><h2 class=\"font-600 text-xl font-bold\">7. Droit applicable et juridiction comp\u00e9tente<\/h2><p class=\"whitespace-pre-wrap break-words\">Tout litige en relation avec l&rsquo;utilisation du site techmasterdesigns.fr est soumis au droit fran\u00e7ais. L&rsquo;utilisateur reconna\u00eet la comp\u00e9tence exclusive des tribunaux comp\u00e9tents de Poitiers.<\/p><h2 class=\"font-600 text-xl font-bold\">8. Mise \u00e0 jour<\/h2><p class=\"whitespace-pre-wrap break-words\">Les pr\u00e9sentes mentions l\u00e9gales peuvent \u00eatre modifi\u00e9es \u00e0 tout moment. La derni\u00e8re mise \u00e0 jour a \u00e9t\u00e9 effectu\u00e9e le 10 octobre 2024.<\/p>\t\t\t\t\t\t\t\t<\/div>\n\t\t\t\t<\/div>\n\t\t\t\t\t<\/div>\n\t\t\t\t<\/div>\n\t\t\t\t<\/div>\n\t\t","protected":false},"excerpt":{"rendered":"<p>Mentions l\u00e9gales 1. Informations l\u00e9gales Le site techmasterdesigns.fr est \u00e9dit\u00e9 par : TMD (Web Master) 25 rue de Mauroc 86280 Saint-Beno\u00eet France SIRET : 833 460 678 00042 Num\u00e9ro de TVA intracommunautaire : [\u00c0 compl\u00e9ter si applicable] Directeur de la publication : [Votre nom] Contact : [Votre adresse email] 2. H\u00e9bergement Le site techmasterdesigns.fr est&#8230; <\/p>\n<p class=\"more\"><a class=\"more-link\" href=\"https:\/\/techmasterdesigns.fr\/home\/?page_id=430\">Read More<\/a><\/p>\n","protected":false},"author":1,"featured_media":0,"parent":0,"menu_order":0,"comment_status":"closed","ping_status":"closed","template":"","meta":{"footnotes":""},"class_list":["post-430","page","type-page","status-publish","hentry"],"yoast_head":"<!-- This site is optimized with the Yoast SEO plugin v25.5 - https:\/\/yoast.com\/wordpress\/plugins\/seo\/ -->\n<title>Mentions L\u00e9gales - Tech Master Designs<\/title>\n<meta name=\"robots\" content=\"index, follow, max-snippet:-1, max-image-preview:large, max-video-preview:-1\" \/>\n<link rel=\"canonical\" href=\"https:\/\/techmasterdesigns.fr\/home\/?page_id=430\" \/>\n<meta property=\"og:locale\" content=\"fr_FR\" \/>\n<meta property=\"og:type\" content=\"article\" \/>\n<meta property=\"og:title\" content=\"Mentions L\u00e9gales - Tech Master Designs\" \/>\n<meta property=\"og:description\" content=\"Mentions l\u00e9gales 1. Informations l\u00e9gales Le site techmasterdesigns.fr est \u00e9dit\u00e9 par : TMD (Web Master) 25 rue de Mauroc 86280 Saint-Beno\u00eet France SIRET : 833 460 678 00042 Num\u00e9ro de TVA intracommunautaire : [\u00c0 compl\u00e9ter si applicable] Directeur de la publication : [Votre nom] Contact : [Votre adresse email] 2. H\u00e9bergement Le site techmasterdesigns.fr est... Read More\" \/>\n<meta property=\"og:url\" content=\"https:\/\/techmasterdesigns.fr\/home\/?page_id=430\" \/>\n<meta property=\"og:site_name\" content=\"Tech Master Designs\" \/>\n<meta property=\"article:publisher\" content=\"https:\/\/www.facebook.com\/profile.php?id=61571899750037\" \/>\n<meta property=\"article:modified_time\" content=\"2024-10-10T15:40:07+00:00\" \/>\n<meta property=\"og:image\" content=\"https:\/\/techmasterdesigns.fr\/home\/wp-content\/uploads\/2024\/10\/Artboard-1.png\" \/>\n\t<meta property=\"og:image:width\" content=\"513\" \/>\n\t<meta property=\"og:image:height\" content=\"513\" \/>\n\t<meta property=\"og:image:type\" content=\"image\/png\" \/>\n<meta name=\"twitter:card\" content=\"summary_large_image\" \/>\n<meta name=\"twitter:label1\" content=\"Dur\u00e9e de lecture estim\u00e9e\" \/>\n\t<meta name=\"twitter:data1\" content=\"2 minutes\" \/>\n<script type=\"application\/ld+json\" class=\"yoast-schema-graph\">{\"@context\":\"https:\/\/schema.org\",\"@graph\":[{\"@type\":\"WebPage\",\"@id\":\"https:\/\/techmasterdesigns.fr\/home\/?page_id=430\",\"url\":\"https:\/\/techmasterdesigns.fr\/home\/?page_id=430\",\"name\":\"Mentions L\u00e9gales - Tech Master Designs\",\"isPartOf\":{\"@id\":\"https:\/\/techmasterdesigns.fr\/home\/#website\"},\"datePublished\":\"2024-10-10T15:39:38+00:00\",\"dateModified\":\"2024-10-10T15:40:07+00:00\",\"breadcrumb\":{\"@id\":\"https:\/\/techmasterdesigns.fr\/home\/?page_id=430#breadcrumb\"},\"inLanguage\":\"fr-FR\",\"potentialAction\":[{\"@type\":\"ReadAction\",\"target\":[\"https:\/\/techmasterdesigns.fr\/home\/?page_id=430\"]}]},{\"@type\":\"BreadcrumbList\",\"@id\":\"https:\/\/techmasterdesigns.fr\/home\/?page_id=430#breadcrumb\",\"itemListElement\":[{\"@type\":\"ListItem\",\"position\":1,\"name\":\"Accueil\",\"item\":\"https:\/\/techmasterdesigns.fr\/home\/\"},{\"@type\":\"ListItem\",\"position\":2,\"name\":\"Mentions L\u00e9gales\"}]},{\"@type\":\"WebSite\",\"@id\":\"https:\/\/techmasterdesigns.fr\/home\/#website\",\"url\":\"https:\/\/techmasterdesigns.fr\/home\/\",\"name\":\"Tech Master Designs\",\"description\":\"Tech Master Designs cr\u00e9e des sites web et g\u00e8re des communaut\u00e9s en ligne pour freelances et PME, \u00e0 partir de 400\u202f\u20ac.\",\"publisher\":{\"@id\":\"https:\/\/techmasterdesigns.fr\/home\/#organization\"},\"potentialAction\":[{\"@type\":\"SearchAction\",\"target\":{\"@type\":\"EntryPoint\",\"urlTemplate\":\"https:\/\/techmasterdesigns.fr\/home\/?s={search_term_string}\"},\"query-input\":{\"@type\":\"PropertyValueSpecification\",\"valueRequired\":true,\"valueName\":\"search_term_string\"}}],\"inLanguage\":\"fr-FR\"},{\"@type\":\"Organization\",\"@id\":\"https:\/\/techmasterdesigns.fr\/home\/#organization\",\"name\":\"Tech Master Designs\",\"url\":\"https:\/\/techmasterdesigns.fr\/home\/\",\"logo\":{\"@type\":\"ImageObject\",\"inLanguage\":\"fr-FR\",\"@id\":\"https:\/\/techmasterdesigns.fr\/home\/#\/schema\/logo\/image\/\",\"url\":\"https:\/\/techmasterdesigns.fr\/home\/wp-content\/uploads\/2024\/10\/cropped-Artboard-1.png\",\"contentUrl\":\"https:\/\/techmasterdesigns.fr\/home\/wp-content\/uploads\/2024\/10\/cropped-Artboard-1.png\",\"width\":513,\"height\":513,\"caption\":\"Tech Master Designs\"},\"image\":{\"@id\":\"https:\/\/techmasterdesigns.fr\/home\/#\/schema\/logo\/image\/\"},\"sameAs\":[\"https:\/\/www.facebook.com\/profile.php?id=61571899750037\",\"https:\/\/www.instagram.com\/techmasterdesigns_\/\",\"https:\/\/www.linkedin.com\/company\/tech-master-designs\/\"]}]}<\/script>\n<!-- \/ Yoast SEO plugin. -->","yoast_head_json":{"title":"Mentions L\u00e9gales - Tech Master Designs","robots":{"index":"index","follow":"follow","max-snippet":"max-snippet:-1","max-image-preview":"max-image-preview:large","max-video-preview":"max-video-preview:-1"},"canonical":"https:\/\/techmasterdesigns.fr\/home\/?page_id=430","og_locale":"fr_FR","og_type":"article","og_title":"Mentions L\u00e9gales - Tech Master Designs","og_description":"Mentions l\u00e9gales 1. Informations l\u00e9gales Le site techmasterdesigns.fr est \u00e9dit\u00e9 par : TMD (Web Master) 25 rue de Mauroc 86280 Saint-Beno\u00eet France SIRET : 833 460 678 00042 Num\u00e9ro de TVA intracommunautaire : [\u00c0 compl\u00e9ter si applicable] Directeur de la publication : [Votre nom] Contact : [Votre adresse email] 2. H\u00e9bergement Le site techmasterdesigns.fr est... Read More","og_url":"https:\/\/techmasterdesigns.fr\/home\/?page_id=430","og_site_name":"Tech Master Designs","article_publisher":"https:\/\/www.facebook.com\/profile.php?id=61571899750037","article_modified_time":"2024-10-10T15:40:07+00:00","og_image":[{"width":513,"height":513,"url":"https:\/\/techmasterdesigns.fr\/home\/wp-content\/uploads\/2024\/10\/Artboard-1.png","type":"image\/png"}],"twitter_card":"summary_large_image","twitter_misc":{"Dur\u00e9e de lecture estim\u00e9e":"2 minutes"},"schema":{"@context":"https:\/\/schema.org","@graph":[{"@type":"WebPage","@id":"https:\/\/techmasterdesigns.fr\/home\/?page_id=430","url":"https:\/\/techmasterdesigns.fr\/home\/?page_id=430","name":"Mentions L\u00e9gales - Tech Master Designs","isPartOf":{"@id":"https:\/\/techmasterdesigns.fr\/home\/#website"},"datePublished":"2024-10-10T15:39:38+00:00","dateModified":"2024-10-10T15:40:07+00:00","breadcrumb":{"@id":"https:\/\/techmasterdesigns.fr\/home\/?page_id=430#breadcrumb"},"inLanguage":"fr-FR","potentialAction":[{"@type":"ReadAction","target":["https:\/\/techmasterdesigns.fr\/home\/?page_id=430"]}]},{"@type":"BreadcrumbList","@id":"https:\/\/techmasterdesigns.fr\/home\/?page_id=430#breadcrumb","itemListElement":[{"@type":"ListItem","position":1,"name":"Accueil","item":"https:\/\/techmasterdesigns.fr\/home\/"},{"@type":"ListItem","position":2,"name":"Mentions L\u00e9gales"}]},{"@type":"WebSite","@id":"https:\/\/techmasterdesigns.fr\/home\/#website","url":"https:\/\/techmasterdesigns.fr\/home\/","name":"Tech Master Designs","description":"Tech Master Designs cr\u00e9e des sites web et g\u00e8re des communaut\u00e9s en ligne pour freelances et PME, \u00e0 partir de 400\u202f\u20ac.","publisher":{"@id":"https:\/\/techmasterdesigns.fr\/home\/#organization"},"potentialAction":[{"@type":"SearchAction","target":{"@type":"EntryPoint","urlTemplate":"https:\/\/techmasterdesigns.fr\/home\/?s={search_term_string}"},"query-input":{"@type":"PropertyValueSpecification","valueRequired":true,"valueName":"search_term_string"}}],"inLanguage":"fr-FR"},{"@type":"Organization","@id":"https:\/\/techmasterdesigns.fr\/home\/#organization","name":"Tech Master Designs","url":"https:\/\/techmasterdesigns.fr\/home\/","logo":{"@type":"ImageObject","inLanguage":"fr-FR","@id":"https:\/\/techmasterdesigns.fr\/home\/#\/schema\/logo\/image\/","url":"https:\/\/techmasterdesigns.fr\/home\/wp-content\/uploads\/2024\/10\/cropped-Artboard-1.png","contentUrl":"https:\/\/techmasterdesigns.fr\/home\/wp-content\/uploads\/2024\/10\/cropped-Artboard-1.png","width":513,"height":513,"caption":"Tech Master Designs"},"image":{"@id":"https:\/\/techmasterdesigns.fr\/home\/#\/schema\/logo\/image\/"},"sameAs":["https:\/\/www.facebook.com\/profile.php?id=61571899750037","https:\/\/www.instagram.com\/techmasterdesigns_\/","https:\/\/www.linkedin.com\/company\/tech-master-designs\/"]}]}},"_links":{"self":[{"href":"https:\/\/techmasterdesigns.fr\/home\/index.php?rest_route=\/wp\/v2\/pages\/430","targetHints":{"allow":["GET"]}}],"collection":[{"href":"https:\/\/techmasterdesigns.fr\/home\/index.php?rest_route=\/wp\/v2\/pages"}],"about":[{"href":"https:\/\/techmasterdesigns.fr\/home\/index.php?rest_route=\/wp\/v2\/types\/page"}],"author":[{"embeddable":true,"href":"https:\/\/techmasterdesigns.fr\/home\/index.php?rest_route=\/wp\/v2\/users\/1"}],"replies":[{"embeddable":true,"href":"https:\/\/techmasterdesigns.fr\/home\/index.php?rest_route=%2Fwp%2Fv2%2Fcomments&post=430"}],"version-history":[{"count":4,"href":"https:\/\/techmasterdesigns.fr\/home\/index.php?rest_route=\/wp\/v2\/pages\/430\/revisions"}],"predecessor-version":[{"id":434,"href":"https:\/\/techmasterdesigns.fr\/home\/index.php?rest_route=\/wp\/v2\/pages\/430\/revisions\/434"}],"wp:attachment":[{"href":"https:\/\/techmasterdesigns.fr\/home\/index.php?rest_route=%2Fwp%2Fv2%2Fmedia&parent=430"}],"curies":[{"name":"wp","href":"https:\/\/api.w.org\/{rel}","templated":true}]}}